{"id":665,"date":"2017-09-14T12:45:17","date_gmt":"2017-09-14T10:45:17","guid":{"rendered":"https:\/\/www.wolfert.nl\/tweetalig\/schoolinfo\/mavo-kopie\/"},"modified":"2025-05-28T09:00:58","modified_gmt":"2025-05-28T07:00:58","slug":"tweetalig_vwo","status":"publish","type":"page","link":"https:\/\/www.wolfert.nl\/tweetalig\/schoolinfo\/tweetalig_vwo\/","title":{"rendered":"Tweetalig vwo"},"content":{"rendered":"\n<style type=\"text\/css\" data-created_by=\"avia_inline_auto\" id=\"style-css-av-8qw5t-689af6d155fcb4ffc50073045d12aad0\">\n#top .av-special-heading.av-8qw5t-689af6d155fcb4ffc50073045d12aad0{\npadding-bottom:0px;\n}\nbody .av-special-heading.av-8qw5t-689af6d155fcb4ffc50073045d12aad0 .av-special-heading-tag .heading-char{\nfont-size:25px;\n}\n.av-special-heading.av-8qw5t-689af6d155fcb4ffc50073045d12aad0 .av-subheading{\nfont-size:15px;\n}\n<\/style>\n<div  class='av-special-heading av-8qw5t-689af6d155fcb4ffc50073045d12aad0 av-special-heading-h2 blockquote modern-quote  avia-builder-el-0  el_before_av_textblock  avia-builder-el-first '><h2 class='av-special-heading-tag'  itemprop=\"headline\"  >Tweetalig vwo<\/h2><div class=\"special-heading-border\"><div class=\"special-heading-inner-border\"><\/div><\/div><\/div>\n<section  class='av_textblock_section av-6dz29-7fa9d93bca5dcb602d380b0cf904a0e6'  itemscope=\"itemscope\" itemtype=\"https:\/\/schema.org\/CreativeWork\" ><div class='avia_textblock'  itemprop=\"text\" ><p>De tweetalige vwo-opleiding van Wolfert Tweetalig biedt getalenteerde vwo-leerlingen een zesjarig uitdagend internationaal programma met heel veel extra&#8217;s.<\/p>\n<\/div><\/section>\n<div  class='togglecontainer av-1m7ucx-ff2e09e6c2e4ba4391c76702c612622a  avia-builder-el-2  el_after_av_textblock  el_before_av_hr  toggle_close_all' >\n<section class='av_toggle_section av-1cvam9-788b675f54b21c3739a32635fadb2162'  itemscope=\"itemscope\" itemtype=\"https:\/\/schema.org\/CreativeWork\" ><div role=\"tablist\" class=\"single_toggle\" data-tags=\"{Alle} \"  ><p data-fake-id='#toggle-id-1' class='toggler   '  itemprop=\"headline\"  role='tab' tabindex='0' aria-controls='toggle-id-1'>Bijzondere examenvakken<span class=\"toggle_icon\"><span class=\"vert_icon\"><\/span><span class=\"hor_icon\"><\/span><\/span><\/p><div id='toggle-id-1' class='toggle_wrap  '  ><div class='toggle_content invers-color '  itemprop=\"text\" ><p>Wolfert Tweetalig biedt haar vwo-leerlingen bijzondere examenvakken zoals Spaans, Chinees, filosofie en wiskunde D.<\/p>\n<\/div><\/div><\/div><\/section>\n<section class='av_toggle_section av-17qsn5-0440e0db7926b2328b60e078f88d4606'  itemscope=\"itemscope\" itemtype=\"https:\/\/schema.org\/CreativeWork\" ><div role=\"tablist\" class=\"single_toggle\" data-tags=\"{Alle} \"  ><p data-fake-id='#toggle-id-2' class='toggler   '  itemprop=\"headline\"  role='tab' tabindex='0' aria-controls='toggle-id-2'>Internationale certificaten<span class=\"toggle_icon\"><span class=\"vert_icon\"><\/span><span class=\"hor_icon\"><\/span><\/span><\/p><div id='toggle-id-2' class='toggle_wrap  '  ><div class='toggle_content invers-color '  itemprop=\"text\" ><p>Alle tweetalige vwo-leerlingen nemen deel aan het <em>Global Politics and Societies<\/em>\u00a0examen van\u00a0de<em>\u00a0<\/em><em>International Baccalaureate Organization<\/em> (<em>IBO<\/em>)<em>\u00a0<\/em>en aan het <em>International Baccalaureate (IB) English Certificate<\/em> examen van dezelfde organisatie. Dit examen traint de leerlingen kritisch te denken, papers te schrijven en teksten te vergelijken. Vwo-leerlingen behalen op Wolfert Tweetalig in zes jaar, naast een tweetalig vwo-diploma, dus ook verschillende internationaal erkende certificaten.<\/p>\n<\/div><\/div><\/div><\/section>\n<section class='av_toggle_section av-1432cx-4e77316e5eb6ef62cd489091b67a0e3f'  itemscope=\"itemscope\" itemtype=\"https:\/\/schema.org\/CreativeWork\" ><div role=\"tablist\" class=\"single_toggle\" data-tags=\"{Alle} \"  ><p data-fake-id='#toggle-id-3' class='toggler   '  itemprop=\"headline\"  role='tab' tabindex='0' aria-controls='toggle-id-3'>Politieke bewustwording en participatie<span class=\"toggle_icon\"><span class=\"vert_icon\"><\/span><span class=\"hor_icon\"><\/span><\/span><\/p><div id='toggle-id-3' class='toggle_wrap  '  ><div class='toggle_content invers-color '  itemprop=\"text\" ><p>Naast politieke onderwerpen die in de klas worden behandeld, kent Wolfert Tweetalig een doorlopend en leerjaaroverstijgend traject waar in politieke bewustwording bij en participatie van leerlingen centraal staat. Zo nemen onze vwo-leerlingen bijvoorbeeld deel aan de <a href=\"http:\/\/nvvn.nl\/over-de-vn\/model-united-nations\/\" target=\"_blank\" rel=\"noopener\"><em>Model United Nations<\/em><\/a> (<em>MUN<\/em>) in binnen- en buitenland. In dit kader wordt ook veel aandacht besteed aan debatteren.<\/p>\n<\/div><\/div><\/div><\/section>\n<section class='av_toggle_section av-vvbr5-e435ee3368ef1da666104aa09600a8b6'  itemscope=\"itemscope\" itemtype=\"https:\/\/schema.org\/CreativeWork\" ><div role=\"tablist\" class=\"single_toggle\" data-tags=\"{Alle} \"  ><p data-fake-id='#toggle-id-4' class='toggler   '  itemprop=\"headline\"  role='tab' tabindex='0' aria-controls='toggle-id-4'>Divers internationaal programma<span class=\"toggle_icon\"><span class=\"vert_icon\"><\/span><span class=\"hor_icon\"><\/span><\/span><\/p><div id='toggle-id-4' class='toggle_wrap  '  ><div class='toggle_content invers-color '  itemprop=\"text\" ><p>Alle tweetalig vwo-leerlingen nemen deel aan een divers internationaal programma. Zo gaan de leerlingen in tvwo-2 op een onvergetelijke taalreis naar Bath in Engeland. In tvwo-3 nemen alle leerlingen deel aan een uitwisselingsprogramma met leerlingen uit Duitsland.<\/p>\n<p>In vwo-4 reizen alle tweetalige leerlingen af naar Dublin, waar zij niet alleen de Ierse cultuur opsnuiven, maar tegelijkertijd ook hun Engelse taalvaardigheid nog verder verbeteren door lessen te volgen op een school aldaar.<\/p>\n<p>In het voorexamenjaar, vwo-5, gaan alle leerlingen op internationale maatschappelijke stage (<a href=\"https:\/\/www.wolfert.nl\/tweetalig\/schoolinfo\/imas\/\">iMAS<\/a>) waarmee zij een actieve bijdrage aan de samenleving leveren door vrijwilligersactiviteiten. Daarnaast werken zij aan de ontwikkeling van goed burgerschap en hun eigen competenties. Wolfert Tweetalig biedt leerlingen uit vwo-5 de keuze uit een groot aantal door school georganiseerde stageprojecten in het buitenland waaronder in Bosni\u00eb, de Dominicaanse Republiek, Macedoni\u00eb, Roemeni\u00eb en Suriname.<\/p>\n<\/div><\/div><\/div><\/section>\n<section class='av_toggle_section av-q3tuh-063cb3c147f56ededd218b4e7c487b19'  itemscope=\"itemscope\" itemtype=\"https:\/\/schema.org\/CreativeWork\" ><div role=\"tablist\" class=\"single_toggle\" data-tags=\"{Alle} \"  ><p data-fake-id='#toggle-id-5' class='toggler   '  itemprop=\"headline\"  role='tab' tabindex='0' aria-controls='toggle-id-5'>Pre-academisch programma<span class=\"toggle_icon\"><span class=\"vert_icon\"><\/span><span class=\"hor_icon\"><\/span><\/span><\/p><div id='toggle-id-5' class='toggle_wrap  '  ><div class='toggle_content invers-color '  itemprop=\"text\" ><p>Wolfert Tweetalig heeft een uitdagend lesprogramma voor alle vwo-leerlingen met talloze extra&#8217;s en interessante gastcolleges. Naast het reguliere onderwijsprogramma biedt Wolfert Tweetalig, voor kleinere groepjes vwo-leerlingen, ook een pre-academisch programma aan.<\/p>\n<p><strong>Pre-university college<\/strong><\/p>\n<p>Zo\u00a0participeert Wolfert Tweetalig in het <em>pre-university college<\/em> (<em>PRE<\/em>) van Universiteit Leiden. Twee tot vijf zeer gemotiveerde en ambitieuze leerlingen van de school volgen een dag per week in Leiden een universitaire voortrajectstudie.<\/p>\n<p><strong>Junior Med School<\/strong><\/p>\n<p>Daarnaast biedt\u00a0Wolfert Tweetalig, in samenwerking met Erasmus Universiteit Rotterdam, enkele leerlingen deelname aan <em>Junior Med School<\/em> (<em>JMS<\/em>). In vwo-5 en vwo-6 gaan \u00e9\u00e9n tot twee zeer gemotiveerde leerlingen, met de ambitie artsonderzoeker te worden, meedraaien in een onderwijstraject op de medische faculteit. Zij zouden vervolgens direct geplaatst kunnen worden voor de studie geneeskunde.<\/p>\n<p><strong>Junior TU Delft<\/strong><\/p>\n<p>In samenwerking met\u00a0Technische Universiteit (TU) Delft, heeft Wolfert Tweetalig het project Junior TU Delft\u00a0ontwikkeld. Een groep zeer gemotiveerde leerlingen krijgt 10 middagen een voorproefje van technische studies aan de\u00a0TU Delft.<\/p>\n<\/div><\/div><\/div><\/section>\n<section class='av_toggle_section av-8ezd-184787939a3e9ae7af722f83eb679290'  itemscope=\"itemscope\" itemtype=\"https:\/\/schema.org\/CreativeWork\" ><div role=\"tablist\" class=\"single_toggle\" data-tags=\"{Alle} \"  ><p data-fake-id='#toggle-id-6' class='toggler   '  itemprop=\"headline\"  role='tab' tabindex='0' aria-controls='toggle-id-6'>Giving Back<span class=\"toggle_icon\"><span class=\"vert_icon\"><\/span><span class=\"hor_icon\"><\/span><\/span><\/p><div id='toggle-id-6' class='toggle_wrap  '  ><div class='toggle_content invers-color '  itemprop=\"text\" ><p><img loading=\"lazy\" decoding=\"async\" class=\"alignnone wp-image-44900\" src=\"https:\/\/www.wolfert.nl\/tweetalig\/wp-content\/uploads\/sites\/4\/2020\/04\/Untitled-2.png\" alt=\"\" width=\"401\" height=\"118\" srcset=\"https:\/\/www.wolfert.nl\/tweetalig\/wp-content\/uploads\/sites\/4\/2020\/04\/Untitled-2.png 4027w, https:\/\/www.wolfert.nl\/tweetalig\/wp-content\/uploads\/sites\/4\/2020\/04\/Untitled-2-300x89.png 300w, https:\/\/www.wolfert.nl\/tweetalig\/wp-content\/uploads\/sites\/4\/2020\/04\/Untitled-2-1030x304.png 1030w, https:\/\/www.wolfert.nl\/tweetalig\/wp-content\/uploads\/sites\/4\/2020\/04\/Untitled-2-768x227.png 768w, https:\/\/www.wolfert.nl\/tweetalig\/wp-content\/uploads\/sites\/4\/2020\/04\/Untitled-2-1536x454.png 1536w, https:\/\/www.wolfert.nl\/tweetalig\/wp-content\/uploads\/sites\/4\/2020\/04\/Untitled-2-2048x605.png 2048w, https:\/\/www.wolfert.nl\/tweetalig\/wp-content\/uploads\/sites\/4\/2020\/04\/Untitled-2-1500x443.png 1500w, https:\/\/www.wolfert.nl\/tweetalig\/wp-content\/uploads\/sites\/4\/2020\/04\/Untitled-2-705x208.png 705w, https:\/\/www.wolfert.nl\/tweetalig\/wp-content\/uploads\/sites\/4\/2020\/04\/Untitled-2-450x133.png 450w\" sizes=\"auto, (max-width: 401px) 100vw, 401px\" \/><\/p>\n<p>Wolfert Tweetalig werkt samen met het mentorprogramma van <a href=\"http:\/\/www.givingback.nl\/\" target=\"_blank\" rel=\"noopener\">Giving Back<\/a>. Stichting Giving Back begeleidt talentvolle en ambitieuze scholieren die vanwege hun achtergrond minder perspectieven hebben om hun talenten te benutten. Zij doet dit door de scholieren te stimuleren en te begeleiden, zodat zij zich kunnen ontwikkelen tot succesvolle volwassenen in de Nederlandse samenleving, waardoor zij ook zelf een rolmodel worden voor hun omgeving.<\/p>\n<p>Het programma bestaat enerzijds uit een individueel, tweejarig mentorprogramma en anderzijds uit deelname aan een groepsprogramma met trainingsweekenden (zoals een kennismakingsweekend), bedrijfsexcursies, maatschappelijke dienstverlening en een studiereis.<\/p>\n<p>Daarnaast volgen de leerlingen workshops over financi\u00ebn, debating, politiek, recht, netwerken en presenteren. Dit programma biedt een geselecteerde groep van onze scholieren een unieke kans hun horizon te verbreden en zich daarmee voor te bereiden op een succesvolle rol in de maatschappij.<\/p>\n<\/div><\/div><\/div><\/section>\n<\/div>\n\n<style type=\"text\/css\" data-created_by=\"avia_inline_auto\" id=\"style-css-av-1j0g9-64cb6dcef713b0b991a106cba71c257e\">\n#top .hr.hr-invisible.av-1j0g9-64cb6dcef713b0b991a106cba71c257e{\nheight:25px;\n}\n<\/style>\n<div  class='hr av-1j0g9-64cb6dcef713b0b991a106cba71c257e hr-invisible  avia-builder-el-3  el_after_av_toggle_container  el_before_av_image '><span class='hr-inner '><span class=\"hr-inner-style\"><\/span><\/span><\/div>\n\n<style type=\"text\/css\" data-created_by=\"avia_inline_auto\" id=\"style-css-av-a6ki1-a1b36233578b380beee792e8f3de1752\">\n.avia-image-container.av-a6ki1-a1b36233578b380beee792e8f3de1752 .av-image-caption-overlay-center{\ncolor:#ffffff;\n}\n<\/style>\n<div  class='avia-image-container av-a6ki1-a1b36233578b380beee792e8f3de1752 av-styling-no-styling avia-align-center  avia-builder-el-4  el_after_av_hr  avia-builder-el-last '  itemprop=\"image\" itemscope=\"itemscope\" itemtype=\"https:\/\/schema.org\/ImageObject\" ><div class=\"avia-image-container-inner\"><div class=\"avia-image-overlay-wrap\"><img decoding=\"async\" class='wp-image-135594 avia-img-lazy-loading-not-135594 avia_image' src=\"https:\/\/www.wolfert.nl\/tweetalig\/wp-content\/uploads\/sites\/4\/2024\/11\/T2A6278-1030x687.jpg\" alt='' title='T2A6278'  height=\"687\" width=\"1030\"  itemprop=\"thumbnailUrl\" srcset=\"https:\/\/www.wolfert.nl\/tweetalig\/wp-content\/uploads\/sites\/4\/2024\/11\/T2A6278-1030x687.jpg 1030w, https:\/\/www.wolfert.nl\/tweetalig\/wp-content\/uploads\/sites\/4\/2024\/11\/T2A6278-300x200.jpg 300w, https:\/\/www.wolfert.nl\/tweetalig\/wp-content\/uploads\/sites\/4\/2024\/11\/T2A6278-768x512.jpg 768w, https:\/\/www.wolfert.nl\/tweetalig\/wp-content\/uploads\/sites\/4\/2024\/11\/T2A6278-1536x1025.jpg 1536w, https:\/\/www.wolfert.nl\/tweetalig\/wp-content\/uploads\/sites\/4\/2024\/11\/T2A6278-1500x1001.jpg 1500w, https:\/\/www.wolfert.nl\/tweetalig\/wp-content\/uploads\/sites\/4\/2024\/11\/T2A6278-705x470.jpg 705w, https:\/\/www.wolfert.nl\/tweetalig\/wp-content\/uploads\/sites\/4\/2024\/11\/T2A6278-450x300.jpg 450w, https:\/\/www.wolfert.nl\/tweetalig\/wp-content\/uploads\/sites\/4\/2024\/11\/T2A6278-600x400.jpg 600w, https:\/\/www.wolfert.nl\/tweetalig\/wp-content\/uploads\/sites\/4\/2024\/11\/T2A6278.jpg 2000w\" sizes=\"(max-width: 1030px) 100vw, 1030px\" \/><\/div><\/div><\/div>\n","protected":false},"excerpt":{"rendered":"","protected":false},"author":1,"featured_media":0,"parent":111,"menu_order":71,"comment_status":"closed","ping_status":"closed","template":"","meta":{"_acf_changed":false,"footnotes":""},"class_list":["post-665","page","type-page","status-publish","hentry"],"acf":[],"yoast_head":"<!-- This site is optimized with the Yoast SEO plugin v25.9 - https:\/\/yoast.com\/wordpress\/plugins\/seo\/ -->\n<title>Tweetalig vwo - Wolfert Tweetalig<\/title>\n<meta name=\"robots\" content=\"index, follow, max-snippet:-1, max-image-preview:large, max-video-preview:-1\" \/>\n<link rel=\"canonical\" href=\"https:\/\/www.wolfert.nl\/tweetalig\/schoolinfo\/tweetalig_vwo\/\" \/>\n<meta property=\"og:locale\" content=\"nl_NL\" \/>\n<meta property=\"og:type\" content=\"article\" \/>\n<meta property=\"og:title\" content=\"Tweetalig vwo - Wolfert Tweetalig\" \/>\n<meta property=\"og:url\" content=\"https:\/\/www.wolfert.nl\/tweetalig\/schoolinfo\/tweetalig_vwo\/\" \/>\n<meta property=\"og:site_name\" content=\"Wolfert Tweetalig\" \/>\n<meta property=\"article:modified_time\" content=\"2025-05-28T07:00:58+00:00\" \/>\n<meta property=\"og:image\" content=\"https:\/\/www.wolfert.nl\/tweetalig\/wp-content\/uploads\/sites\/4\/2020\/04\/Untitled-2.png\" \/>\n\t<meta property=\"og:image:width\" content=\"4027\" \/>\n\t<meta property=\"og:image:height\" content=\"1189\" \/>\n\t<meta property=\"og:image:type\" content=\"image\/png\" \/>\n<meta name=\"twitter:card\" content=\"summary_large_image\" \/>\n<meta name=\"twitter:label1\" content=\"Geschatte leestijd\" \/>\n\t<meta name=\"twitter:data1\" content=\"4 minuten\" \/>\n<script type=\"application\/ld+json\" class=\"yoast-schema-graph\">{\"@context\":\"https:\/\/schema.org\",\"@graph\":[{\"@type\":\"WebPage\",\"@id\":\"https:\/\/www.wolfert.nl\/tweetalig\/schoolinfo\/tweetalig_vwo\/\",\"url\":\"https:\/\/www.wolfert.nl\/tweetalig\/schoolinfo\/tweetalig_vwo\/\",\"name\":\"Tweetalig vwo - Wolfert Tweetalig\",\"isPartOf\":{\"@id\":\"https:\/\/www.wolfert.nl\/tweetalig\/#website\"},\"primaryImageOfPage\":{\"@id\":\"https:\/\/www.wolfert.nl\/tweetalig\/schoolinfo\/tweetalig_vwo\/#primaryimage\"},\"image\":{\"@id\":\"https:\/\/www.wolfert.nl\/tweetalig\/schoolinfo\/tweetalig_vwo\/#primaryimage\"},\"thumbnailUrl\":\"https:\/\/www.wolfert.nl\/tweetalig\/wp-content\/uploads\/sites\/4\/2020\/04\/Untitled-2.png\",\"datePublished\":\"2017-09-14T10:45:17+00:00\",\"dateModified\":\"2025-05-28T07:00:58+00:00\",\"breadcrumb\":{\"@id\":\"https:\/\/www.wolfert.nl\/tweetalig\/schoolinfo\/tweetalig_vwo\/#breadcrumb\"},\"inLanguage\":\"nl-NL\",\"potentialAction\":[{\"@type\":\"ReadAction\",\"target\":[\"https:\/\/www.wolfert.nl\/tweetalig\/schoolinfo\/tweetalig_vwo\/\"]}]},{\"@type\":\"ImageObject\",\"inLanguage\":\"nl-NL\",\"@id\":\"https:\/\/www.wolfert.nl\/tweetalig\/schoolinfo\/tweetalig_vwo\/#primaryimage\",\"url\":\"https:\/\/www.wolfert.nl\/tweetalig\/wp-content\/uploads\/sites\/4\/2020\/04\/Untitled-2.png\",\"contentUrl\":\"https:\/\/www.wolfert.nl\/tweetalig\/wp-content\/uploads\/sites\/4\/2020\/04\/Untitled-2.png\",\"width\":4027,\"height\":1189},{\"@type\":\"BreadcrumbList\",\"@id\":\"https:\/\/www.wolfert.nl\/tweetalig\/schoolinfo\/tweetalig_vwo\/#breadcrumb\",\"itemListElement\":[{\"@type\":\"ListItem\",\"position\":1,\"name\":\"Home\",\"item\":\"https:\/\/www.wolfert.nl\/tweetalig\/home-2-2\/\"},{\"@type\":\"ListItem\",\"position\":2,\"name\":\"Schoolinfo\",\"item\":\"https:\/\/www.wolfert.nl\/tweetalig\/schoolinfo\/\"},{\"@type\":\"ListItem\",\"position\":3,\"name\":\"Tweetalig vwo\"}]},{\"@type\":\"WebSite\",\"@id\":\"https:\/\/www.wolfert.nl\/tweetalig\/#website\",\"url\":\"https:\/\/www.wolfert.nl\/tweetalig\/\",\"name\":\"Wolfert Tweetalig\",\"description\":\"\",\"potentialAction\":[{\"@type\":\"SearchAction\",\"target\":{\"@type\":\"EntryPoint\",\"urlTemplate\":\"https:\/\/www.wolfert.nl\/tweetalig\/?s={search_term_string}\"},\"query-input\":{\"@type\":\"PropertyValueSpecification\",\"valueRequired\":true,\"valueName\":\"search_term_string\"}}],\"inLanguage\":\"nl-NL\"}]}<\/script>\n<!-- \/ Yoast SEO plugin. -->","yoast_head_json":{"title":"Tweetalig vwo - Wolfert Tweetalig","robots":{"index":"index","follow":"follow","max-snippet":"max-snippet:-1","max-image-preview":"max-image-preview:large","max-video-preview":"max-video-preview:-1"},"canonical":"https:\/\/www.wolfert.nl\/tweetalig\/schoolinfo\/tweetalig_vwo\/","og_locale":"nl_NL","og_type":"article","og_title":"Tweetalig vwo - Wolfert Tweetalig","og_url":"https:\/\/www.wolfert.nl\/tweetalig\/schoolinfo\/tweetalig_vwo\/","og_site_name":"Wolfert Tweetalig","article_modified_time":"2025-05-28T07:00:58+00:00","og_image":[{"width":4027,"height":1189,"url":"https:\/\/www.wolfert.nl\/tweetalig\/wp-content\/uploads\/sites\/4\/2020\/04\/Untitled-2.png","type":"image\/png"}],"twitter_card":"summary_large_image","twitter_misc":{"Geschatte leestijd":"4 minuten"},"schema":{"@context":"https:\/\/schema.org","@graph":[{"@type":"WebPage","@id":"https:\/\/www.wolfert.nl\/tweetalig\/schoolinfo\/tweetalig_vwo\/","url":"https:\/\/www.wolfert.nl\/tweetalig\/schoolinfo\/tweetalig_vwo\/","name":"Tweetalig vwo - Wolfert Tweetalig","isPartOf":{"@id":"https:\/\/www.wolfert.nl\/tweetalig\/#website"},"primaryImageOfPage":{"@id":"https:\/\/www.wolfert.nl\/tweetalig\/schoolinfo\/tweetalig_vwo\/#primaryimage"},"image":{"@id":"https:\/\/www.wolfert.nl\/tweetalig\/schoolinfo\/tweetalig_vwo\/#primaryimage"},"thumbnailUrl":"https:\/\/www.wolfert.nl\/tweetalig\/wp-content\/uploads\/sites\/4\/2020\/04\/Untitled-2.png","datePublished":"2017-09-14T10:45:17+00:00","dateModified":"2025-05-28T07:00:58+00:00","breadcrumb":{"@id":"https:\/\/www.wolfert.nl\/tweetalig\/schoolinfo\/tweetalig_vwo\/#breadcrumb"},"inLanguage":"nl-NL","potentialAction":[{"@type":"ReadAction","target":["https:\/\/www.wolfert.nl\/tweetalig\/schoolinfo\/tweetalig_vwo\/"]}]},{"@type":"ImageObject","inLanguage":"nl-NL","@id":"https:\/\/www.wolfert.nl\/tweetalig\/schoolinfo\/tweetalig_vwo\/#primaryimage","url":"https:\/\/www.wolfert.nl\/tweetalig\/wp-content\/uploads\/sites\/4\/2020\/04\/Untitled-2.png","contentUrl":"https:\/\/www.wolfert.nl\/tweetalig\/wp-content\/uploads\/sites\/4\/2020\/04\/Untitled-2.png","width":4027,"height":1189},{"@type":"BreadcrumbList","@id":"https:\/\/www.wolfert.nl\/tweetalig\/schoolinfo\/tweetalig_vwo\/#breadcrumb","itemListElement":[{"@type":"ListItem","position":1,"name":"Home","item":"https:\/\/www.wolfert.nl\/tweetalig\/home-2-2\/"},{"@type":"ListItem","position":2,"name":"Schoolinfo","item":"https:\/\/www.wolfert.nl\/tweetalig\/schoolinfo\/"},{"@type":"ListItem","position":3,"name":"Tweetalig vwo"}]},{"@type":"WebSite","@id":"https:\/\/www.wolfert.nl\/tweetalig\/#website","url":"https:\/\/www.wolfert.nl\/tweetalig\/","name":"Wolfert Tweetalig","description":"","potentialAction":[{"@type":"SearchAction","target":{"@type":"EntryPoint","urlTemplate":"https:\/\/www.wolfert.nl\/tweetalig\/?s={search_term_string}"},"query-input":{"@type":"PropertyValueSpecification","valueRequired":true,"valueName":"search_term_string"}}],"inLanguage":"nl-NL"}]}},"_links":{"self":[{"href":"https:\/\/www.wolfert.nl\/tweetalig\/wp-json\/wp\/v2\/pages\/665","targetHints":{"allow":["GET"]}}],"collection":[{"href":"https:\/\/www.wolfert.nl\/tweetalig\/wp-json\/wp\/v2\/pages"}],"about":[{"href":"https:\/\/www.wolfert.nl\/tweetalig\/wp-json\/wp\/v2\/types\/page"}],"author":[{"embeddable":true,"href":"https:\/\/www.wolfert.nl\/tweetalig\/wp-json\/wp\/v2\/users\/1"}],"replies":[{"embeddable":true,"href":"https:\/\/www.wolfert.nl\/tweetalig\/wp-json\/wp\/v2\/comments?post=665"}],"version-history":[{"count":0,"href":"https:\/\/www.wolfert.nl\/tweetalig\/wp-json\/wp\/v2\/pages\/665\/revisions"}],"up":[{"embeddable":true,"href":"https:\/\/www.wolfert.nl\/tweetalig\/wp-json\/wp\/v2\/pages\/111"}],"wp:attachment":[{"href":"https:\/\/www.wolfert.nl\/tweetalig\/wp-json\/wp\/v2\/media?parent=665"}],"curies":[{"name":"wp","href":"https:\/\/api.w.org\/{rel}","templated":true}]}}