{"id":95,"date":"2017-09-14T09:13:36","date_gmt":"2017-09-14T07:13:36","guid":{"rendered":"https:\/\/www.wolfert.nl\/college\/?page_id=95"},"modified":"2025-11-16T14:22:54","modified_gmt":"2025-11-16T13:22:54","slug":"toelatingscriteria","status":"publish","type":"page","link":"https:\/\/www.wolfert.nl\/college\/groep-78\/toelatingscriteria\/","title":{"rendered":"Toelatingscriteria"},"content":{"rendered":"<div id='full_slider_1'  class='avia-fullwidth-slider main_color avia-shadow   avia-builder-el-0  el_before_av_one_full  avia-builder-el-first   container_wrap sidebar_right'  ><div  class='avia-slideshow av-kvc6ah2y-393ecccf95310e3fc8acecf117b1b785 av-control-default avia-slideshow-featured av_slideshow_full avia-slide-slider av-default-height-applied   avia-slideshow-1'  data-size='featured'  data-lightbox_size='large'  data-animation='slide'  data-conditional_play=''  data-ids='17119'  data-video_counter='0'  data-autoplay='false'  data-bg_slider='false'  data-slide_height=''  data-handle='av_slideshow_full'  data-interval='5'  data-class=''  data-extra_class=' '  data-el_id=''  data-css_id=''  data-scroll_down=''  data-control_layout='av-control-default'  data-custom_markup=''  data-perma_caption=''  data-autoplay_stopper=''  data-image_attachment=''  data-min_height='0px'  data-lazy_loading='disabled'  data-default-height='28.666666666667'  data-stretch=''  data-src=''  data-position='top left'  data-repeat='no-repeat'  data-attach='scroll'  data-img_scrset=''  data-av-desktop-hide=''  data-av-medium-hide=''  data-av-small-hide=''  data-av-mini-hide=''  data-id=''  data-custom_class=''  data-template_class=''  data-av_uid='av-kvc6ah2y'  data-sc_version='1.0'  data-heading_tag=''  data-heading_class=''   itemprop=\"image\" itemscope=\"itemscope\" itemtype=\"https:\/\/schema.org\/ImageObject\" ><ul class='avia-slideshow-inner ' style='padding-bottom: 28.666666666667%;'><li  class='avia-slideshow-slide av-kvc6ah2y-393ecccf95310e3fc8acecf117b1b785__0  av-single-slide slide-1 ' ><div data-rel='slideshow-1' class='avia-slide-wrap '   ><img decoding=\"async\" class=\"wp-image-17119 avia-img-lazy-loading-not-17119\"  src=\"https:\/\/www.wolfert.nl\/college\/wp-content\/uploads\/sites\/2\/2025\/11\/website-def-6-1500x430.jpg\" width=\"1500\" height=\"430\" title='Website Def 6' alt=''  itemprop=\"thumbnailUrl\"   \/><\/div><\/li><\/ul><\/div><\/div><div id='after_full_slider_1'  class='main_color av_default_container_wrap container_wrap sidebar_right'  ><div class='container av-section-cont-open' ><div class='template-page content  av-content-small alpha units'><div class='post-entry post-entry-type-page post-entry-95'><div class='entry-content-wrapper clearfix'>\n\n<style type=\"text\/css\" data-created_by=\"avia_inline_auto\" id=\"style-css-av-xp6v-d72afcd2e4b0f3b21a0448195341271a\">\n.flex_column.av-xp6v-d72afcd2e4b0f3b21a0448195341271a{\nborder-radius:0px 0px 0px 0px;\n-webkit-border-radius:0px 0px 0px 0px;\n-moz-border-radius:0px 0px 0px 0px;\n}\n<\/style>\n<div class='flex_column av-xp6v-d72afcd2e4b0f3b21a0448195341271a av_one_full  avia-builder-el-1  el_after_av_slideshow_full  el_before_av_one_full  avia-builder-el-first  first flex_column_div av-zero-column-padding '   ><style type=\"text\/css\" data-created_by=\"avia_inline_auto\" id=\"style-css-av-kvc6btir-1b529071bb406e9fd80a0935d9616a0a\">\n#top .av-special-heading.av-kvc6btir-1b529071bb406e9fd80a0935d9616a0a{\npadding-bottom:10px;\n}\nbody .av-special-heading.av-kvc6btir-1b529071bb406e9fd80a0935d9616a0a .av-special-heading-tag .heading-char{\nfont-size:25px;\n}\n.av-special-heading.av-kvc6btir-1b529071bb406e9fd80a0935d9616a0a .av-subheading{\nfont-size:15px;\n}\n<\/style>\n<div  class='av-special-heading av-kvc6btir-1b529071bb406e9fd80a0935d9616a0a av-special-heading-h1 blockquote modern-quote  avia-builder-el-2  avia-builder-el-no-sibling '><h1 class='av-special-heading-tag'  itemprop=\"headline\"  >Toelatingscriteria voor schooljaar 2026-2027<\/h1><div class=\"special-heading-border\"><div class=\"special-heading-inner-border\"><\/div><\/div><\/div><\/div>\n\n<style type=\"text\/css\" data-created_by=\"avia_inline_auto\" id=\"style-css-av-5kwk3-6ad80a8019ce16f75ad6c80ae6b2f1a8\">\n.flex_column.av-5kwk3-6ad80a8019ce16f75ad6c80ae6b2f1a8{\nborder-width:1px;\nborder-color:#ed9600;\nborder-style:solid;\nborder-radius:0px 0px 0px 0px;\n-webkit-border-radius:0px 0px 0px 0px;\n-moz-border-radius:0px 0px 0px 0px;\npadding:20px 20px 20px 20px;\nbackground-color:#f7f7f7;\n}\n<\/style>\n<div class='flex_column av-5kwk3-6ad80a8019ce16f75ad6c80ae6b2f1a8 av_one_full  avia-builder-el-3  el_after_av_one_full  el_before_av_one_full  first flex_column_div column-top-margin'   ><section  class='av_textblock_section av-4m6br-da314b7cf109b4aa0905e8b48a33a25e'  itemscope=\"itemscope\" itemtype=\"https:\/\/schema.org\/CreativeWork\" ><div class='avia_textblock'  itemprop=\"text\" ><p>Aanmelding voor het eerste leerjaar 2026-2027 is mogelijk wanneer aan de volgende voorwaarde wordt voldaan: het advies van de basisschool is minimaal <strong style=\"font-size: 16px\">VMBO-GL\/TL (= MAVO)<\/strong><\/p>\n<p>We raden leerlingen van groep 8 aan om deel te nemen aan \u00e9\u00e9n van de Ori\u00ebntatiemiddagen Xpo (\u201cXpo-proof studeren\u201d).<br \/>\nZie ook <a href=\"https:\/\/www.wolfert.nl\/college\/groep-78\/kennismaken\/\" target=\"_blank\" rel=\"noopener\"><strong>Kennismaken<\/strong><\/a>.<\/p>\n<p><strong>Meer aanmeldingen dan plaatsen<\/strong><\/p>\n<p>Iedere school kan slechts een bepaald aantal leerlingen plaatsen, Wolfert College dus ook.<\/p>\n<p>Het aantal beschikbare plaatsen in leerjaar 1 is voor schooljaar 2026-2027 vastgesteld op:<\/p>\n<ul>\n<li>brugklas mavo\/havo: <em><b>125<\/b><\/em><\/li>\n<li>brugklas havo\/vwo:\u00a0 \u00a0<em><b>58<\/b><\/em><\/li>\n<\/ul>\n<p>Wanneer er voor de klassen mavo\/havo en havo\/vwo meer dan het maximale aantal leerlingen aangemeld zijn, vindt loting onder toezicht van een notaris plaats.\u00a0Meer informatie hierover is te lezen bij\u00a0<strong><a href=\"https:\/\/www.wolfert.nl\/college\/groep-78\/aanmelden\/\" target=\"_blank\" rel=\"noopener noreferrer\">Aanmelden nieuwe leerlingen<\/a><\/strong>.<\/p>\n<p><strong>Voorrang bij overaanmelding<\/strong><\/p>\n<div>De voorrangsregel bij de aanmeldingen voor schooljaar 2025-2026 zijn:<\/div>\n<div>\n<ul type=\"circle\">\n<li class=\"m_3387147446952700602gmail-MsoNormalCxSpFirst\"><span lang=\"EN-US\">Leerlingen die op het moment van aanmelden een broer of zus op een Wolfert locatie hebben, krijgen <span class=\"m_3387147446952700602gmail-il\">voorrang<\/span><\/span><\/li>\n<\/ul>\n<\/div>\n<p><strong>Toelatingsbesluiten<\/strong><\/p>\n<p>Toelatingsbesluiten worden via een email vanuit Onderwijs Transparant bekend gemaakt.<\/p>\n<p>Uitgelote kinderen \/ pupillen worden voor de volgende plaatsingsperiode automatisch in Onderwijs Transparant aangemeld bij de volgende school van voorkeur.<\/p>\n<p>Na definitieve plaatsing wordt contact gelegd met de basisschool voor de (digitale) overdracht van de leerlinggegevens.<\/p>\n<\/div><\/section><\/div>\n\n<style type=\"text\/css\" data-created_by=\"avia_inline_auto\" id=\"style-css-av-450qf-d3388b07326b3be916669f6006981143\">\n.flex_column.av-450qf-d3388b07326b3be916669f6006981143{\nborder-width:1px;\nborder-color:#ed9600;\nborder-style:solid;\nborder-radius:0px 0px 0px 0px;\n-webkit-border-radius:0px 0px 0px 0px;\n-moz-border-radius:0px 0px 0px 0px;\npadding:20px 20px 20px 20px;\nbackground-color:#f7f7f7;\n}\n<\/style>\n<div class='flex_column av-450qf-d3388b07326b3be916669f6006981143 av_one_full  avia-builder-el-5  el_after_av_one_full  el_before_av_one_full  first flex_column_div column-top-margin'   ><p>\n<style type=\"text\/css\" data-created_by=\"avia_inline_auto\" id=\"style-css-av-kvc6cqv4-b21830917145ec31b119e2c877fb337a\">\n#top .av-special-heading.av-kvc6cqv4-b21830917145ec31b119e2c877fb337a{\npadding-bottom:10px;\n}\nbody .av-special-heading.av-kvc6cqv4-b21830917145ec31b119e2c877fb337a .av-special-heading-tag .heading-char{\nfont-size:25px;\n}\n.av-special-heading.av-kvc6cqv4-b21830917145ec31b119e2c877fb337a .av-subheading{\nfont-size:15px;\n}\n<\/style>\n<div  class='av-special-heading av-kvc6cqv4-b21830917145ec31b119e2c877fb337a av-special-heading-h2 blockquote modern-quote  avia-builder-el-6  el_before_av_textblock  avia-builder-el-first '><h2 class='av-special-heading-tag'  itemprop=\"headline\"  >Passend Onderwijs en Zorgplicht<\/h2><div class=\"special-heading-border\"><div class=\"special-heading-inner-border\"><\/div><\/div><\/div><br \/>\n<section  class='av_textblock_section av-2o7qb-12bf2a66f24acad2f1aea97a33a02de3'  itemscope=\"itemscope\" itemtype=\"https:\/\/schema.org\/CreativeWork\" ><div class='avia_textblock'  itemprop=\"text\" ><p>Volgens de wet op Passend Onderwijs heeft Wolfert College\u00a0zorgplicht. Dat betekent dat Wolfert College\u00a0verantwoordelijk is de leerling met een extra ondersteuningsbehoefte een passende onderwijsplek aan te bieden.<\/p>\n<p>Wolfert College\u00a0heeft een professioneel docententeam dat zeer ervaren is. Toch kunnen er factoren meespelen op grond waarvan de school kan besluiten een leerling af te wijzen.<\/p>\n<p>Indien de kenmerken van de leerling (cognitief, didactisch en\/of sociaal-emotioneel) een zodanig beeld weergeven dat deze een risico in zich draagt voor de schoolontwikkeling (-loopbaan) van de leerling en dat het <a href=\"https:\/\/www.wolfert.nl\/college\/wp-content\/uploads\/sites\/2\/2023\/09\/wolfert_ondersteuningsplan_2022-2026_250x210mm_v03-1.pdf\" target=\"_blank\" rel=\"noopener noreferrer\"><strong>ondersteuningsprogramma<\/strong><\/a>\u00a0van Wolfert College\u00a0niet in de ondersteuningsbehoefte kan voorzien, dan behoudt de toelatingscommissie zich het recht voor deze leerling naar een ander type onderwijs te verwijzen.<\/p>\n<p>In dat geval zal Wolfert College\u00a0een onderbouwd overstapadvies formuleren en zoeken naar een passende onderwijsplek in het samenwerkingsverband van Koers VO. Dit gebeurt overeenkomstig de procedure van Koers VO.<\/p>\n<\/div><\/section><\/p><\/div>\n\n<style type=\"text\/css\" data-created_by=\"avia_inline_auto\" id=\"style-css-av-1zidn-1932b7be02217aee1b1286a47d88eb4e\">\n.flex_column.av-1zidn-1932b7be02217aee1b1286a47d88eb4e{\nborder-width:1px;\nborder-color:#ed9600;\nborder-style:solid;\nborder-radius:0px 0px 0px 0px;\n-webkit-border-radius:0px 0px 0px 0px;\n-moz-border-radius:0px 0px 0px 0px;\npadding:20px 20px 20px 20px;\nbackground-color:#f7f7f7;\n}\n<\/style>\n<div class='flex_column av-1zidn-1932b7be02217aee1b1286a47d88eb4e av_one_full  avia-builder-el-8  el_after_av_one_full  avia-builder-el-last  first flex_column_div column-top-margin'   ><p>\n<style type=\"text\/css\" data-created_by=\"avia_inline_auto\" id=\"style-css-av-kvc6cylj-5ff77ffef329c3ad84fee4f62850c9f6\">\n#top .av-special-heading.av-kvc6cylj-5ff77ffef329c3ad84fee4f62850c9f6{\npadding-bottom:10px;\n}\nbody .av-special-heading.av-kvc6cylj-5ff77ffef329c3ad84fee4f62850c9f6 .av-special-heading-tag .heading-char{\nfont-size:25px;\n}\n.av-special-heading.av-kvc6cylj-5ff77ffef329c3ad84fee4f62850c9f6 .av-subheading{\nfont-size:15px;\n}\n<\/style>\n<div  class='av-special-heading av-kvc6cylj-5ff77ffef329c3ad84fee4f62850c9f6 av-special-heading-h2 blockquote modern-quote  avia-builder-el-9  el_before_av_textblock  avia-builder-el-first '><h2 class='av-special-heading-tag'  itemprop=\"headline\"  >Klachtenregeling uitvoering De OverstapRoute<\/h2><div class=\"special-heading-border\"><div class=\"special-heading-inner-border\"><\/div><\/div><\/div><br \/>\n<section  class='av_textblock_section av-15jtv-a5aa70ab08762471d76be629032b7123'  itemscope=\"itemscope\" itemtype=\"https:\/\/schema.org\/CreativeWork\" ><div class='avia_textblock'  itemprop=\"text\" ><h3>Hoe wordt de klacht ingediend?<\/h3>\n<p>Een klager vult het klachtenformulier inzake De OverstapRoute Koers VO volledig in. Het formulier kan worden gedownload van de website van <a href=\"https:\/\/www.koersvo.nl\/werkwijzer-voor-scholen\/de-overstaproute\/#klachten\" target=\"_blank\" rel=\"noopener\">Koers VO<\/a>. Het ingevulde formulier wordt gemaild naar <a href=\"mailto:deoverstaproute@koersvo.nl\" target=\"_blank\" rel=\"noopener\">deoverstaproute@koersvo.nl<\/a>.<\/p>\n<p>De klacht kan ook per post worden verzonden:<br \/>\nKoers VO<br \/>\nSchiekade 34<br \/>\n3032 AJ\u00a0 Rotterdam.<\/p>\n<h3>Wanneer kunnen klachten worden ingediend?<\/h3>\n<ul>\n<li>Tot uiterlijk zes weken na het toelatingsbesluit zoals genomen door de vo-school kunnen ouders klachten indienen. Schoolvakanties tellen niet mee bij deze zes weken.<\/li>\n<li>Medewerkers en vertegenwoordigers van scholen\/schoolbesturen kunnen het hele jaar door een klacht indienen.<\/li>\n<\/ul>\n<p>Lees meer: <strong><a href=\"https:\/\/www.koersvo.nl\/voor-ouders\/de-overstaproute\/\" target=\"_blank\" rel=\"noopener\">De OverstapRoute<\/a><\/strong> (website Koers VO)<\/p>\n<\/div><\/section><\/p><\/div>\n","protected":false},"excerpt":{"rendered":"","protected":false},"author":1,"featured_media":0,"parent":73,"menu_order":9,"comment_status":"closed","ping_status":"closed","template":"","meta":{"_acf_changed":false,"footnotes":""},"class_list":["post-95","page","type-page","status-publish","hentry"],"acf":[],"yoast_head":"<!-- This site is optimized with the Yoast SEO plugin v25.9 - https:\/\/yoast.com\/wordpress\/plugins\/seo\/ -->\n<title>Toelatingscriteria - Wolfert College<\/title>\n<meta name=\"robots\" content=\"index, follow, max-snippet:-1, max-image-preview:large, max-video-preview:-1\" \/>\n<link rel=\"canonical\" href=\"https:\/\/www.wolfert.nl\/college\/groep-78\/toelatingscriteria\/\" \/>\n<meta property=\"og:locale\" content=\"nl_NL\" \/>\n<meta property=\"og:type\" content=\"article\" \/>\n<meta property=\"og:title\" content=\"Toelatingscriteria - Wolfert College\" \/>\n<meta property=\"og:url\" content=\"https:\/\/www.wolfert.nl\/college\/groep-78\/toelatingscriteria\/\" \/>\n<meta property=\"og:site_name\" content=\"Wolfert College\" \/>\n<meta property=\"article:modified_time\" content=\"2025-11-16T13:22:54+00:00\" \/>\n<meta name=\"twitter:card\" content=\"summary_large_image\" \/>\n<meta name=\"twitter:label1\" content=\"Geschatte leestijd\" \/>\n\t<meta name=\"twitter:data1\" content=\"4 minuten\" \/>\n<script type=\"application\/ld+json\" class=\"yoast-schema-graph\">{\"@context\":\"https:\/\/schema.org\",\"@graph\":[{\"@type\":\"WebPage\",\"@id\":\"https:\/\/www.wolfert.nl\/college\/groep-78\/toelatingscriteria\/\",\"url\":\"https:\/\/www.wolfert.nl\/college\/groep-78\/toelatingscriteria\/\",\"name\":\"Toelatingscriteria - Wolfert College\",\"isPartOf\":{\"@id\":\"https:\/\/www.wolfert.nl\/college\/#website\"},\"datePublished\":\"2017-09-14T07:13:36+00:00\",\"dateModified\":\"2025-11-16T13:22:54+00:00\",\"breadcrumb\":{\"@id\":\"https:\/\/www.wolfert.nl\/college\/groep-78\/toelatingscriteria\/#breadcrumb\"},\"inLanguage\":\"nl-NL\",\"potentialAction\":[{\"@type\":\"ReadAction\",\"target\":[\"https:\/\/www.wolfert.nl\/college\/groep-78\/toelatingscriteria\/\"]}]},{\"@type\":\"BreadcrumbList\",\"@id\":\"https:\/\/www.wolfert.nl\/college\/groep-78\/toelatingscriteria\/#breadcrumb\",\"itemListElement\":[{\"@type\":\"ListItem\",\"position\":1,\"name\":\"Home\",\"item\":\"https:\/\/www.wolfert.nl\/college\/\"},{\"@type\":\"ListItem\",\"position\":2,\"name\":\"Groep 7\/8\",\"item\":\"https:\/\/www.wolfert.nl\/college\/groep-78\/\"},{\"@type\":\"ListItem\",\"position\":3,\"name\":\"Toelatingscriteria\"}]},{\"@type\":\"WebSite\",\"@id\":\"https:\/\/www.wolfert.nl\/college\/#website\",\"url\":\"https:\/\/www.wolfert.nl\/college\/\",\"name\":\"Wolfert College\",\"description\":\"\",\"potentialAction\":[{\"@type\":\"SearchAction\",\"target\":{\"@type\":\"EntryPoint\",\"urlTemplate\":\"https:\/\/www.wolfert.nl\/college\/?s={search_term_string}\"},\"query-input\":{\"@type\":\"PropertyValueSpecification\",\"valueRequired\":true,\"valueName\":\"search_term_string\"}}],\"inLanguage\":\"nl-NL\"}]}<\/script>\n<!-- \/ Yoast SEO plugin. -->","yoast_head_json":{"title":"Toelatingscriteria - Wolfert College","robots":{"index":"index","follow":"follow","max-snippet":"max-snippet:-1","max-image-preview":"max-image-preview:large","max-video-preview":"max-video-preview:-1"},"canonical":"https:\/\/www.wolfert.nl\/college\/groep-78\/toelatingscriteria\/","og_locale":"nl_NL","og_type":"article","og_title":"Toelatingscriteria - Wolfert College","og_url":"https:\/\/www.wolfert.nl\/college\/groep-78\/toelatingscriteria\/","og_site_name":"Wolfert College","article_modified_time":"2025-11-16T13:22:54+00:00","twitter_card":"summary_large_image","twitter_misc":{"Geschatte leestijd":"4 minuten"},"schema":{"@context":"https:\/\/schema.org","@graph":[{"@type":"WebPage","@id":"https:\/\/www.wolfert.nl\/college\/groep-78\/toelatingscriteria\/","url":"https:\/\/www.wolfert.nl\/college\/groep-78\/toelatingscriteria\/","name":"Toelatingscriteria - Wolfert College","isPartOf":{"@id":"https:\/\/www.wolfert.nl\/college\/#website"},"datePublished":"2017-09-14T07:13:36+00:00","dateModified":"2025-11-16T13:22:54+00:00","breadcrumb":{"@id":"https:\/\/www.wolfert.nl\/college\/groep-78\/toelatingscriteria\/#breadcrumb"},"inLanguage":"nl-NL","potentialAction":[{"@type":"ReadAction","target":["https:\/\/www.wolfert.nl\/college\/groep-78\/toelatingscriteria\/"]}]},{"@type":"BreadcrumbList","@id":"https:\/\/www.wolfert.nl\/college\/groep-78\/toelatingscriteria\/#breadcrumb","itemListElement":[{"@type":"ListItem","position":1,"name":"Home","item":"https:\/\/www.wolfert.nl\/college\/"},{"@type":"ListItem","position":2,"name":"Groep 7\/8","item":"https:\/\/www.wolfert.nl\/college\/groep-78\/"},{"@type":"ListItem","position":3,"name":"Toelatingscriteria"}]},{"@type":"WebSite","@id":"https:\/\/www.wolfert.nl\/college\/#website","url":"https:\/\/www.wolfert.nl\/college\/","name":"Wolfert College","description":"","potentialAction":[{"@type":"SearchAction","target":{"@type":"EntryPoint","urlTemplate":"https:\/\/www.wolfert.nl\/college\/?s={search_term_string}"},"query-input":{"@type":"PropertyValueSpecification","valueRequired":true,"valueName":"search_term_string"}}],"inLanguage":"nl-NL"}]}},"_links":{"self":[{"href":"https:\/\/www.wolfert.nl\/college\/wp-json\/wp\/v2\/pages\/95","targetHints":{"allow":["GET"]}}],"collection":[{"href":"https:\/\/www.wolfert.nl\/college\/wp-json\/wp\/v2\/pages"}],"about":[{"href":"https:\/\/www.wolfert.nl\/college\/wp-json\/wp\/v2\/types\/page"}],"author":[{"embeddable":true,"href":"https:\/\/www.wolfert.nl\/college\/wp-json\/wp\/v2\/users\/1"}],"replies":[{"embeddable":true,"href":"https:\/\/www.wolfert.nl\/college\/wp-json\/wp\/v2\/comments?post=95"}],"version-history":[{"count":0,"href":"https:\/\/www.wolfert.nl\/college\/wp-json\/wp\/v2\/pages\/95\/revisions"}],"up":[{"embeddable":true,"href":"https:\/\/www.wolfert.nl\/college\/wp-json\/wp\/v2\/pages\/73"}],"wp:attachment":[{"href":"https:\/\/www.wolfert.nl\/college\/wp-json\/wp\/v2\/media?parent=95"}],"curies":[{"name":"wp","href":"https:\/\/api.w.org\/{rel}","templated":true}]}}